{"id":16944,"date":"2024-09-02T10:03:27","date_gmt":"2024-09-01T22:03:27","guid":{"rendered":"https:\/\/portal.loadscan.com\/registro-de-garantia\/"},"modified":"2024-11-08T08:12:14","modified_gmt":"2024-11-07T19:12:14","slug":"registro-de-garantia","status":"publish","type":"page","link":"https:\/\/portal.loadscan.com\/es\/registro-de-garantia\/","title":{"rendered":"Registro de garant\u00eda"},"content":{"rendered":"<div class=\"fusion-fullwidth fullwidth-box fusion-builder-row-1 fusion-flex-container has-pattern-background has-mask-background nonhundred-percent-fullwidth non-hundred-percent-height-scrolling\" style=\"--awb-border-radius-top-left:0px;--awb-border-radius-top-right:0px;--awb-border-radius-bottom-right:0px;--awb-border-radius-bottom-left:0px;--awb-flex-wrap:wrap;\" ><div class=\"fusion-builder-row fusion-row fusion-flex-align-items-flex-start fusion-flex-content-wrap\" style=\"max-width:1331.2px;margin-left: calc(-4% \/ 2 );margin-right: calc(-4% \/ 2 );\"><div class=\"fusion-layout-column fusion_builder_column fusion-builder-column-0 fusion_builder_column_1_1 1_1 fusion-flex-column\" style=\"--awb-padding-top:2%;--awb-padding-right:4%;--awb-padding-bottom:4%;--awb-padding-left:4%;--awb-overflow:hidden;--awb-bg-color:#edeaea;--awb-bg-color-hover:#edeaea;--awb-bg-size:cover;--awb-box-shadow:1px 1px 8px 0px var(--awb-custom15);;--awb-border-radius:6px 6px 6px 6px;--awb-width-large:100%;--awb-margin-top-large:0px;--awb-spacing-right-large:1.92%;--awb-margin-bottom-large:0px;--awb-spacing-left-large:1.92%;--awb-width-medium:100%;--awb-order-medium:0;--awb-spacing-right-medium:1.92%;--awb-spacing-left-medium:1.92%;--awb-width-small:100%;--awb-order-small:0;--awb-spacing-right-small:1.92%;--awb-spacing-left-small:1.92%;\"><div class=\"fusion-column-wrapper fusion-column-has-shadow fusion-flex-justify-content-flex-start fusion-content-layout-column\"><div class=\"fusion-title title fusion-title-1 fusion-sep-none fusion-title-text fusion-title-size-two\" style=\"--awb-margin-bottom:40px;--awb-margin-top-small:20px;--awb-margin-right-small:0px;--awb-margin-bottom-small:10px;--awb-margin-left-small:0px;\"><h2 class=\"fusion-title-heading title-heading-left fusion-responsive-typography-calculated\" style=\"margin:0;--fontSize:28;--minFontSize:28;line-height:1.5;\">Loadscan Formulario de registro de la garant\u00eda<\/h2><\/div><div class=\"fusion-text fusion-text-1\"><p>Utiliza el siguiente formulario de registro de garant\u00eda para registrar tu producto Loadscan y comenzar el periodo de garant\u00eda. Para cuestiones urgentes, env\u00edanos un correo electr\u00f3nico a: support@loadscan.com<\/p>\n<\/div><script src=\"https:\/\/www.cognitoforms.com\/f\/seamless.js\" data-key=\"QPJ3KNVfc0OK8hlo8vQYJg\" data-form=\"2\"><\/script><\/div><\/div><\/div><\/div>\n","protected":false},"excerpt":{"rendered":"","protected":false},"author":65,"featured_media":0,"parent":0,"menu_order":0,"comment_status":"closed","ping_status":"closed","template":"","meta":{"footnotes":""},"class_list":["post-16944","page","type-page","status-publish","hentry"],"_links":{"self":[{"href":"https:\/\/portal.loadscan.com\/es\/wp-json\/wp\/v2\/pages\/16944","targetHints":{"allow":["GET"]}}],"collection":[{"href":"https:\/\/portal.loadscan.com\/es\/wp-json\/wp\/v2\/pages"}],"about":[{"href":"https:\/\/portal.loadscan.com\/es\/wp-json\/wp\/v2\/types\/page"}],"author":[{"embeddable":true,"href":"https:\/\/portal.loadscan.com\/es\/wp-json\/wp\/v2\/users\/65"}],"replies":[{"embeddable":true,"href":"https:\/\/portal.loadscan.com\/es\/wp-json\/wp\/v2\/comments?post=16944"}],"version-history":[{"count":0,"href":"https:\/\/portal.loadscan.com\/es\/wp-json\/wp\/v2\/pages\/16944\/revisions"}],"wp:attachment":[{"href":"https:\/\/portal.loadscan.com\/es\/wp-json\/wp\/v2\/media?parent=16944"}],"curies":[{"name":"wp","href":"https:\/\/api.w.org\/{rel}","templated":true}]}}